{"id":14746,"date":"2016-08-20T19:34:23","date_gmt":"2016-08-20T17:34:23","guid":{"rendered":"https:\/\/www.casarredo.it\/prodotto\/phoenix-cucina-noce-canaletto-piano-in-quarzite-varenna\/"},"modified":"2024-05-14T21:35:30","modified_gmt":"2024-05-14T19:35:30","slug":"phoenix-kitchen-walnut-piano-quarzite-raven-in-sand-micropall-varenna","status":"publish","type":"product","link":"https:\/\/www.casarredo.it\/en\/prodotto\/phoenix-kitchen-walnut-piano-quarzite-raven-in-sand-micropall-varenna\/","title":{"rendered":"PHOENIX KITCHEN  WALNUT PIANO QUARZITE RAVEN IN SAND MICROPALL. VARENNA"},"content":{"rendered":"<p>&nbsp;<\/p>\n<div id=\"gt-res-content\">\n<div id=\"gt-res-dir-ctr\" class=\"trans-verified-button-small\" dir=\"ltr\">\n<p><span id=\"result_box\" class=\"\" lang=\"en\"><span title=\"PHOENIX CUCINA NOCE CANALETTO PIANO IN QUARZITE RAVEN SAND MICROPALL.\">PHOENIX WALNUT KITCHEN FLOOR IN SAND QUARZITE RAVEN MICROPALL. <\/span><span title=\"CAPPA A SCOMPARSA VARENNA \">HOOD CONCEALED VARENNA<\/span><\/span><\/p>\n<p><span id=\"result_box\" class=\"\" lang=\"en\"><span class=\"\">DIMENSIONS<\/span><span class=\"\">:<\/span> <span class=\"\">OVERALL<\/span> <span class=\"\">MAXIMUM<\/span> CM.366 COLUMNS X 264 <span class=\"\">CM<\/span>. <span class=\"\">280X70<\/span> <span class=\"\">H.<\/span> <span class=\"\">208<\/span><\/span><\/p>\n<p><span title=\"Una proposta dall\u2019estetica esclusiva, in cui tutti gli elementi compositivi della cucina sono ispirati dalla geometria pi\u00f9 pura e dalla massima essenzialit\u00e0 del disegno per un progetto caratterizzato da semplicit\u00e0 e rigore. \">An exclusive aesthetics, in which all the kitchen compositional elements are inspired by the purest geometry and the maximum essential design for a project characterized by simplicity and rigor.<\/span><\/p>\n<p><span title=\"THE COMPANY \">THE COMPANY<br \/>\n<\/span><span title=\"KITCHEN COLLECTION \">KITCHEN COLLECTION<br \/>\n<\/span><span title=\"Varenna \u00e8 un marchio Poliform. \">Varenna Poliform is a trademark.<br \/>\n<\/span><span title=\"Fondata nel 1950 e da sempre riconosciuta come uno dei brand italiani pi\u00f9 propositivi dell\u2019arredo cucina, \">Founded in 1950 and has always been recognized as one of the Italian brand kitchen furnishing more proactive,<br \/>\n<\/span><span title=\"Varenna entra a far parte della realt\u00e0 Poliform nel 1996. Oggi Varenna propone cucine uniche, capaci di cogliere \">Varenna Poliform joined the company in 1996. Today Varenna offers unique kitchens, capable of grasping<br \/>\n<\/span><span title=\"le esigenze e i gusti di un pubblico eterogeneo e internazionale, soluzioni caratterizzate da un\u2019eccezionale \">the needs and tastes of a diverse audience and international solutions characterized by exceptional<br \/>\n<\/span><span title=\"versatilit\u00e0 compositiva e dall\u2019infinita variet\u00e0 di materiali e finiture.\">compositional versatility and infinite variety of materials and finishes. <\/span><span title=\"Collezioni differenti, pur nella perfetta coerenza \">different collections, even in perfect consistency<br \/>\n<\/span><span title=\"di stile, sistemi cucina esclusivi, realizzati interamente in Italia, cos\u00ec da garantire un accurato controllo di tutte \">style, exclusive kitchen systems, entirely manufactured in Italy, so as to ensure a precise control of all<br \/>\n<\/span><span title=\"le fasi produttive: dalla selezione di materiali di qualit\u00e0 alla cura del dettaglio fino alla ricerca di affidabilit\u00e0, \">the production phases: from the selection of quality materials to the attention to detail up looking for reliability,<br \/>\n<\/span><span title=\"sicurezza e durata nel tempo.\">safety and durability. <\/span><span title=\"Valori che contraddistinguono oggi un gruppo dalla dimensione internazionale, ma \">Values that now characterize a group from the international dimension, but<br \/>\n<\/span><span title=\"fortemente radicato nel distretto della Brianza, a nord di Milano, con sette unit\u00e0 produttive e 115.000 mq coperti. \">strongly rooted in the Brianza district, north of Milan, with seven production units and 115,000 square meters.<br \/>\n<\/span><span title=\"Una visione comune, un progetto coordinato. \">A common vision, a coordinated project.<br \/>\n<\/span><span title=\"Oggi Poliform e Varenna rappresentano una realt\u00e0 in grado di proporre collezioni coerenti per l\u2019arredo di ogni \">Today Poliform and Varenna are a reality able to propose coherent collections for the decoration of each<br \/>\n<\/span><span title=\"area della casa, in sintonia con le esigenze sempre nuove di un lifestyle evoluto e contemporaneo.\">area of the house, in tune with the changing needs of an evolved and contemporary lifestyle. <\/span><span title=\"Alla base di \">At the base of<br \/>\n<\/span><span title=\"ogni proposta la condivisione della qualit\u00e0 del design, della ricerca tecnica, dell\u2019innovazione tipologica. \">any proposed sharing of design quality, technical research, typological innovation.<br \/>\n<\/span><span title=\"Un insieme di soluzioni tipologicamente differenti, ma ispirate da un linguaggio stilisticamente omogeneo, un \">A set of different typological solutions, but inspired by a stylistically homogeneous language, a<br \/>\n<\/span><span title=\"progetto orientato ad un mercato moderno e internazionale, ma profondamente legato ai valori del Made in Italy. \">project oriented to a modern and international market, but deeply attached to the values of Made in Italy.<br \/>\n<\/span><span title=\"Proposte uniche con le quali alimentare una storia scandita da episodi unici e irripetibili e dalla continua volont\u00e0 \">only proposals with which power a history marked by unique and unrepeatable episodes and the continuing desire<br \/>\n<\/span><span title=\"di progettare arredi e cucine per case sempre pi\u00f9 esclusive e straordinarie.\">to design furniture and kitchens for more exclusive and extraordinary homes.<\/span><\/p>\n<\/div>\n<\/div>\n<div id=\"gt-res-tools\"><\/div>\n<div id=\"gt-form-c\">\n<div id=\"gt-text-all\">\n<div id=\"gt-main\">\n<div id=\"gt-text-c\">\n<div id=\"gt-text-top\"><\/div>\n<div id=\"gt-ft\">\n<div id=\"gt-ft-mkt\">\n<div class=\"gt-ft-promos\"><span class=\"gt-ft-text\">Google Traduttore per il Business:<\/span><a href=\"http:\/\/www.google.it\/url?rs=rsmf&amp;q=http:\/\/translate.google.com\/toolkit%3Fhl%3Dit\"><span id=\"gt-ft-mkt-toolkit\" class=\"gt-ft-mkt-icon\"><\/span>Translator Toolkit<\/a><a href=\"http:\/\/www.google.it\/url?rs=rsmf&amp;q=http:\/\/translate.google.com\/manager\/website\/%3Fhl%3Dit\"><span id=\"gt-ft-mkt-element\" class=\"gt-ft-mkt-icon\"><\/span>Traduttore di siti web<\/a><a href=\"http:\/\/www.google.it\/url?rs=rsmf&amp;q=http:\/\/translate.google.com\/globalmarketfinder\/%3Flocale%3Dit\"><span id=\"gt-ft-mkt-gmf\" class=\"gt-ft-mkt-icon\"><\/span>Strumento a supporto dell&#8217;export<\/a><\/div>\n<\/div>\n<\/div>\n<\/div>\n<\/div>\n<\/div>\n<\/div>\n<p>K<\/p>\n<div class=\"textLayer\"><\/div>\n","protected":false},"excerpt":{"rendered":"<p>&nbsp; PHOENIX WALNUT KITCHEN FLOOR IN SAND QUARZITE RAVEN MICROPALL. HOOD CONCEALED VARENNA DIMENSIONS: OVERALL MAXIMUM CM.366 COLUMNS X 264 CM. 280X70 H. 208 An exclusive aesthetics, in which all the kitchen compositional elements are inspired by the purest geometry and the maximum essential design for a project characterized by simplicity and rigor. THE COMPANY [&hellip;]<\/p>\n","protected":false},"featured_media":13390,"template":"","meta":[],"product_brand":[],"product_cat":[1793],"product_tag":[1814,1812,1707,1813],"class_list":{"0":"post-14746","1":"product","2":"type-product","3":"status-publish","4":"has-post-thumbnail","6":"product_cat-kitchen","7":"product_tag-kitchen","8":"product_tag-kitchens","9":"product_tag-poliform-en","10":"product_tag-varenna-en","12":"first","13":"outofstock","14":"sale","15":"shipping-taxable","16":"purchasable","17":"product-type-simple","18":"add-to-wishlist-after_add_to_cart"},"yoast_head":"<!-- This site is optimized with the Yoast SEO plugin v27.4 - https:\/\/yoast.com\/product\/yoast-seo-wordpress\/ -->\n<title>PHOENIX KITCHEN WALNUT PIANO QUARZITE RAVEN IN SAND MICROPALL. VARENNA &#8212; Casarredo.it<\/title>\n<meta name=\"description\" content=\"PHOENIX SPLENDIDA CUCINA VARENNA IN NOCE CANALETTO CON UN SOTTILE PIANO IN QUARZITE E CAPPA A SCOMPARSA ,PENSILI E COLONNE BIANCHE\" \/>\n<meta name=\"robots\" content=\"index, follow, max-snippet:-1, max-image-preview:large, max-video-preview:-1\" \/>\n<link rel=\"canonical\" href=\"https:\/\/www.casarredo.it\/en\/prodotto\/phoenix-kitchen-walnut-piano-quarzite-raven-in-sand-micropall-varenna\/\" \/>\n<meta property=\"og:locale\" content=\"en_US\" \/>\n<meta property=\"og:type\" content=\"article\" \/>\n<meta property=\"og:title\" content=\"PHOENIX KITCHEN WALNUT PIANO QUARZITE RAVEN IN SAND MICROPALL. VARENNA &#8212; Casarredo.it\" \/>\n<meta property=\"og:description\" content=\"PHOENIX SPLENDIDA CUCINA VARENNA IN NOCE CANALETTO CON UN SOTTILE PIANO IN QUARZITE E CAPPA A SCOMPARSA ,PENSILI E COLONNE BIANCHE\" \/>\n<meta property=\"og:url\" content=\"https:\/\/www.casarredo.it\/en\/prodotto\/phoenix-kitchen-walnut-piano-quarzite-raven-in-sand-micropall-varenna\/\" \/>\n<meta property=\"og:site_name\" content=\"Casarredo.it\" \/>\n<meta property=\"article:publisher\" content=\"https:\/\/www.facebook.com\/Casarredo-632870513490892\" \/>\n<meta property=\"article:modified_time\" content=\"2024-05-14T19:35:30+00:00\" \/>\n<meta property=\"og:image\" content=\"https:\/\/www.casarredo.it\/wp-content\/uploads\/2016\/08\/PHOENIX.gif\" \/>\n\t<meta property=\"og:image:width\" content=\"1229\" \/>\n\t<meta property=\"og:image:height\" content=\"922\" \/>\n\t<meta property=\"og:image:type\" content=\"image\/gif\" \/>\n<meta name=\"twitter:card\" content=\"summary_large_image\" \/>\n<meta name=\"twitter:label1\" content=\"Est. reading time\" \/>\n\t<meta name=\"twitter:data1\" content=\"2 minutes\" \/>\n<script type=\"application\/ld+json\" class=\"yoast-schema-graph\">{\"@context\":\"https:\\\/\\\/schema.org\",\"@graph\":[{\"@type\":\"WebPage\",\"@id\":\"https:\\\/\\\/www.casarredo.it\\\/en\\\/prodotto\\\/phoenix-kitchen-walnut-piano-quarzite-raven-in-sand-micropall-varenna\\\/\",\"url\":\"https:\\\/\\\/www.casarredo.it\\\/en\\\/prodotto\\\/phoenix-kitchen-walnut-piano-quarzite-raven-in-sand-micropall-varenna\\\/\",\"name\":\"PHOENIX KITCHEN WALNUT PIANO QUARZITE RAVEN IN SAND MICROPALL. VARENNA &#8212; Casarredo.it\",\"isPartOf\":{\"@id\":\"https:\\\/\\\/www.casarredo.it\\\/en\\\/#website\"},\"primaryImageOfPage\":{\"@id\":\"https:\\\/\\\/www.casarredo.it\\\/en\\\/prodotto\\\/phoenix-kitchen-walnut-piano-quarzite-raven-in-sand-micropall-varenna\\\/#primaryimage\"},\"image\":{\"@id\":\"https:\\\/\\\/www.casarredo.it\\\/en\\\/prodotto\\\/phoenix-kitchen-walnut-piano-quarzite-raven-in-sand-micropall-varenna\\\/#primaryimage\"},\"thumbnailUrl\":\"https:\\\/\\\/www.casarredo.it\\\/wp-content\\\/uploads\\\/2016\\\/08\\\/PHOENIX.gif\",\"datePublished\":\"2016-08-20T17:34:23+00:00\",\"dateModified\":\"2024-05-14T19:35:30+00:00\",\"description\":\"PHOENIX SPLENDIDA CUCINA VARENNA IN NOCE CANALETTO CON UN SOTTILE PIANO IN QUARZITE E CAPPA A SCOMPARSA ,PENSILI E COLONNE BIANCHE\",\"breadcrumb\":{\"@id\":\"https:\\\/\\\/www.casarredo.it\\\/en\\\/prodotto\\\/phoenix-kitchen-walnut-piano-quarzite-raven-in-sand-micropall-varenna\\\/#breadcrumb\"},\"inLanguage\":\"en-US\",\"potentialAction\":[{\"@type\":\"ReadAction\",\"target\":[\"https:\\\/\\\/www.casarredo.it\\\/en\\\/prodotto\\\/phoenix-kitchen-walnut-piano-quarzite-raven-in-sand-micropall-varenna\\\/\"]}]},{\"@type\":\"ImageObject\",\"inLanguage\":\"en-US\",\"@id\":\"https:\\\/\\\/www.casarredo.it\\\/en\\\/prodotto\\\/phoenix-kitchen-walnut-piano-quarzite-raven-in-sand-micropall-varenna\\\/#primaryimage\",\"url\":\"https:\\\/\\\/www.casarredo.it\\\/wp-content\\\/uploads\\\/2016\\\/08\\\/PHOENIX.gif\",\"contentUrl\":\"https:\\\/\\\/www.casarredo.it\\\/wp-content\\\/uploads\\\/2016\\\/08\\\/PHOENIX.gif\",\"width\":1229,\"height\":922},{\"@type\":\"BreadcrumbList\",\"@id\":\"https:\\\/\\\/www.casarredo.it\\\/en\\\/prodotto\\\/phoenix-kitchen-walnut-piano-quarzite-raven-in-sand-micropall-varenna\\\/#breadcrumb\",\"itemListElement\":[{\"@type\":\"ListItem\",\"position\":1,\"name\":\"Home\",\"item\":\"https:\\\/\\\/www.casarredo.it\\\/en\\\/\"},{\"@type\":\"ListItem\",\"position\":2,\"name\":\"Shop online\",\"item\":\"https:\\\/\\\/www.casarredo.it\\\/en\\\/shop\\\/\"},{\"@type\":\"ListItem\",\"position\":3,\"name\":\"PHOENIX KITCHEN WALNUT PIANO QUARZITE RAVEN IN SAND MICROPALL. VARENNA\"}]},{\"@type\":\"WebSite\",\"@id\":\"https:\\\/\\\/www.casarredo.it\\\/en\\\/#website\",\"url\":\"https:\\\/\\\/www.casarredo.it\\\/en\\\/\",\"name\":\"Casarredo.it\",\"description\":\"Design da vivere\",\"publisher\":{\"@id\":\"https:\\\/\\\/www.casarredo.it\\\/en\\\/#organization\"},\"potentialAction\":[{\"@type\":\"SearchAction\",\"target\":{\"@type\":\"EntryPoint\",\"urlTemplate\":\"https:\\\/\\\/www.casarredo.it\\\/en\\\/?s={search_term_string}\"},\"query-input\":{\"@type\":\"PropertyValueSpecification\",\"valueRequired\":true,\"valueName\":\"search_term_string\"}}],\"inLanguage\":\"en-US\"},{\"@type\":\"Organization\",\"@id\":\"https:\\\/\\\/www.casarredo.it\\\/en\\\/#organization\",\"name\":\"casarredo srl\",\"url\":\"https:\\\/\\\/www.casarredo.it\\\/en\\\/\",\"logo\":{\"@type\":\"ImageObject\",\"inLanguage\":\"en-US\",\"@id\":\"https:\\\/\\\/www.casarredo.it\\\/en\\\/#\\\/schema\\\/logo\\\/image\\\/\",\"url\":\"https:\\\/\\\/www.casarredo.it\\\/wp-content\\\/uploads\\\/2018\\\/05\\\/vanity-scaled.jpg\",\"contentUrl\":\"https:\\\/\\\/www.casarredo.it\\\/wp-content\\\/uploads\\\/2018\\\/05\\\/vanity-scaled.jpg\",\"width\":2560,\"height\":1848,\"caption\":\"casarredo srl\"},\"image\":{\"@id\":\"https:\\\/\\\/www.casarredo.it\\\/en\\\/#\\\/schema\\\/logo\\\/image\\\/\"},\"sameAs\":[\"https:\\\/\\\/www.facebook.com\\\/Casarredo-632870513490892\",\"https:\\\/\\\/www.instagram.com\\\/casarredo_fano\\\/\"]}]}<\/script>\n<!-- \/ Yoast SEO plugin. -->","yoast_head_json":{"title":"PHOENIX KITCHEN WALNUT PIANO QUARZITE RAVEN IN SAND MICROPALL. VARENNA &#8212; Casarredo.it","description":"PHOENIX SPLENDIDA CUCINA VARENNA IN NOCE CANALETTO CON UN SOTTILE PIANO IN QUARZITE E CAPPA A SCOMPARSA ,PENSILI E COLONNE BIANCHE","robots":{"index":"index","follow":"follow","max-snippet":"max-snippet:-1","max-image-preview":"max-image-preview:large","max-video-preview":"max-video-preview:-1"},"canonical":"https:\/\/www.casarredo.it\/en\/prodotto\/phoenix-kitchen-walnut-piano-quarzite-raven-in-sand-micropall-varenna\/","og_locale":"en_US","og_type":"article","og_title":"PHOENIX KITCHEN WALNUT PIANO QUARZITE RAVEN IN SAND MICROPALL. VARENNA &#8212; Casarredo.it","og_description":"PHOENIX SPLENDIDA CUCINA VARENNA IN NOCE CANALETTO CON UN SOTTILE PIANO IN QUARZITE E CAPPA A SCOMPARSA ,PENSILI E COLONNE BIANCHE","og_url":"https:\/\/www.casarredo.it\/en\/prodotto\/phoenix-kitchen-walnut-piano-quarzite-raven-in-sand-micropall-varenna\/","og_site_name":"Casarredo.it","article_publisher":"https:\/\/www.facebook.com\/Casarredo-632870513490892","article_modified_time":"2024-05-14T19:35:30+00:00","og_image":[{"width":1229,"height":922,"url":"https:\/\/www.casarredo.it\/wp-content\/uploads\/2016\/08\/PHOENIX.gif","type":"image\/gif"}],"twitter_card":"summary_large_image","twitter_misc":{"Est. reading time":"2 minutes"},"schema":{"@context":"https:\/\/schema.org","@graph":[{"@type":"WebPage","@id":"https:\/\/www.casarredo.it\/en\/prodotto\/phoenix-kitchen-walnut-piano-quarzite-raven-in-sand-micropall-varenna\/","url":"https:\/\/www.casarredo.it\/en\/prodotto\/phoenix-kitchen-walnut-piano-quarzite-raven-in-sand-micropall-varenna\/","name":"PHOENIX KITCHEN WALNUT PIANO QUARZITE RAVEN IN SAND MICROPALL. VARENNA &#8212; Casarredo.it","isPartOf":{"@id":"https:\/\/www.casarredo.it\/en\/#website"},"primaryImageOfPage":{"@id":"https:\/\/www.casarredo.it\/en\/prodotto\/phoenix-kitchen-walnut-piano-quarzite-raven-in-sand-micropall-varenna\/#primaryimage"},"image":{"@id":"https:\/\/www.casarredo.it\/en\/prodotto\/phoenix-kitchen-walnut-piano-quarzite-raven-in-sand-micropall-varenna\/#primaryimage"},"thumbnailUrl":"https:\/\/www.casarredo.it\/wp-content\/uploads\/2016\/08\/PHOENIX.gif","datePublished":"2016-08-20T17:34:23+00:00","dateModified":"2024-05-14T19:35:30+00:00","description":"PHOENIX SPLENDIDA CUCINA VARENNA IN NOCE CANALETTO CON UN SOTTILE PIANO IN QUARZITE E CAPPA A SCOMPARSA ,PENSILI E COLONNE BIANCHE","breadcrumb":{"@id":"https:\/\/www.casarredo.it\/en\/prodotto\/phoenix-kitchen-walnut-piano-quarzite-raven-in-sand-micropall-varenna\/#breadcrumb"},"inLanguage":"en-US","potentialAction":[{"@type":"ReadAction","target":["https:\/\/www.casarredo.it\/en\/prodotto\/phoenix-kitchen-walnut-piano-quarzite-raven-in-sand-micropall-varenna\/"]}]},{"@type":"ImageObject","inLanguage":"en-US","@id":"https:\/\/www.casarredo.it\/en\/prodotto\/phoenix-kitchen-walnut-piano-quarzite-raven-in-sand-micropall-varenna\/#primaryimage","url":"https:\/\/www.casarredo.it\/wp-content\/uploads\/2016\/08\/PHOENIX.gif","contentUrl":"https:\/\/www.casarredo.it\/wp-content\/uploads\/2016\/08\/PHOENIX.gif","width":1229,"height":922},{"@type":"BreadcrumbList","@id":"https:\/\/www.casarredo.it\/en\/prodotto\/phoenix-kitchen-walnut-piano-quarzite-raven-in-sand-micropall-varenna\/#breadcrumb","itemListElement":[{"@type":"ListItem","position":1,"name":"Home","item":"https:\/\/www.casarredo.it\/en\/"},{"@type":"ListItem","position":2,"name":"Shop online","item":"https:\/\/www.casarredo.it\/en\/shop\/"},{"@type":"ListItem","position":3,"name":"PHOENIX KITCHEN WALNUT PIANO QUARZITE RAVEN IN SAND MICROPALL. VARENNA"}]},{"@type":"WebSite","@id":"https:\/\/www.casarredo.it\/en\/#website","url":"https:\/\/www.casarredo.it\/en\/","name":"Casarredo.it","description":"Design da vivere","publisher":{"@id":"https:\/\/www.casarredo.it\/en\/#organization"},"potentialAction":[{"@type":"SearchAction","target":{"@type":"EntryPoint","urlTemplate":"https:\/\/www.casarredo.it\/en\/?s={search_term_string}"},"query-input":{"@type":"PropertyValueSpecification","valueRequired":true,"valueName":"search_term_string"}}],"inLanguage":"en-US"},{"@type":"Organization","@id":"https:\/\/www.casarredo.it\/en\/#organization","name":"casarredo srl","url":"https:\/\/www.casarredo.it\/en\/","logo":{"@type":"ImageObject","inLanguage":"en-US","@id":"https:\/\/www.casarredo.it\/en\/#\/schema\/logo\/image\/","url":"https:\/\/www.casarredo.it\/wp-content\/uploads\/2018\/05\/vanity-scaled.jpg","contentUrl":"https:\/\/www.casarredo.it\/wp-content\/uploads\/2018\/05\/vanity-scaled.jpg","width":2560,"height":1848,"caption":"casarredo srl"},"image":{"@id":"https:\/\/www.casarredo.it\/en\/#\/schema\/logo\/image\/"},"sameAs":["https:\/\/www.facebook.com\/Casarredo-632870513490892","https:\/\/www.instagram.com\/casarredo_fano\/"]}]}},"_links":{"self":[{"href":"https:\/\/www.casarredo.it\/en\/wp-json\/wp\/v2\/product\/14746","targetHints":{"allow":["GET"]}}],"collection":[{"href":"https:\/\/www.casarredo.it\/en\/wp-json\/wp\/v2\/product"}],"about":[{"href":"https:\/\/www.casarredo.it\/en\/wp-json\/wp\/v2\/types\/product"}],"wp:featuredmedia":[{"embeddable":true,"href":"https:\/\/www.casarredo.it\/en\/wp-json\/wp\/v2\/media\/13390"}],"wp:attachment":[{"href":"https:\/\/www.casarredo.it\/en\/wp-json\/wp\/v2\/media?parent=14746"}],"wp:term":[{"taxonomy":"product_brand","embeddable":true,"href":"https:\/\/www.casarredo.it\/en\/wp-json\/wp\/v2\/product_brand?post=14746"},{"taxonomy":"product_cat","embeddable":true,"href":"https:\/\/www.casarredo.it\/en\/wp-json\/wp\/v2\/product_cat?post=14746"},{"taxonomy":"product_tag","embeddable":true,"href":"https:\/\/www.casarredo.it\/en\/wp-json\/wp\/v2\/product_tag?post=14746"}],"curies":[{"name":"wp","href":"https:\/\/api.w.org\/{rel}","templated":true}]}}