{"id":14668,"date":"2016-12-11T17:07:23","date_gmt":"2019-04-17T10:37:57","guid":{"rendered":"https:\/\/www.casarredo.it\/?post_type=product&#038;p=14668\/"},"modified":"2025-11-18T17:33:46","modified_gmt":"2025-11-18T16:33:46","slug":"serena-lamp-flos-urquiola","status":"publish","type":"product","link":"https:\/\/www.casarredo.it\/en\/prodotto\/serena-lamp-flos-urquiola\/","title":{"rendered":"SERENA LAMP FLOS URQUIOLA"},"content":{"rendered":"<div class=\"node-body\">\n<div class=\"product-body\">\n<p>Lampada Serena<\/p>\n<p>Illuminare con stile, grazie alla lampada da tavolo Serena del prestigioso brand italiano Flos. Sempre all&#8217;avanguardia nell&#8217;arredamento funzionale ma senza rinunciare a uno stile estetico di prim&#8217;ordine. La lampada da tavolo Serena \u00e8 un ulteriore esempio di questo perfetto connubio fra utilit\u00e0 e piacere. Maneggevole, dal design leggero ed elegante, Serena \u00e8 fonte di luce ma anche un perfetto complemento d&#8217;arredo. Il suo design con diffusore sottile a forma di foglia \u00e8 uno dei marchi di fabbrica di Patricia Urquiola, celebre designer spagnola che dagli anni 2000 ha collezionato premi in tutto il mondo, tra cui Designer dell&#8217;Anno 2006 per Wallpaper, nel 2008 per AD Spain e addirittura Designer del Decennio 2000-2010 per due celebri riviste tedesche, Home e H\u00e4user. La lampada da tavolo Serena racchiude le intuizioni di Urquiola e la storia del marchio italiano Flos, da oltre 30 anni uno dei punti di riferimento internazionali nel mondo del design. La sua base accoglie una lampada a LED da 13 Watt e dalla temperatura di colore di 2700\u00b0 K. La luce si spande nella stanza grazie alla vera particolarit\u00e0 di questa lampada: il suo diffusore, la cui forma richiama una tipica foglia d&#8217;albero e la cui inclinazione pu\u00f2 essere regolata per variare intensit\u00e0 e direzione della luce, a seconda delle proprie preferenze. La lampada da tavolo Serena \u00e8 inoltre dotata di un interruttore con dimmer, che vi consentir\u00e0 di variare anche elettricamente l&#8217;intensit\u00e0 della luce sprigionata dalla lampadina a LED. Che vi occorra una luce adatta alla lettura, o che vogliate semplicemente creare un&#8217;atmosfera romantica con una luce pi\u00f9 soffusa, Serena sapr\u00e0 venire incontro in maniera perfetta alle vostre esigenze. Il suo design raffinato e moderno vi permetter\u00e0 di sfoggiarla nel salotto della vostra casa ma anche nel vostro ufficio. Il diffusore \u00e8 realizzato in alluminio, mentre la sua base scura \u00e8 in policarbonato. Informazioni tecniche: Apparecchio di illuminazione da tavolo a luce indiretta e riflessa. Dissipatore in alluminio estruso, cut-off in PC nero fotoinciso, diffusore in PMMA ottico fotoinciso. Riflettore in alluminio pre-anodizzato tranciato e piegato. Cavo elettrico lunghezza utile 200 cm, con interruttore dimmer che garantisce le funzioni ON\/OFF e regolazione del flusso luminoso 10-100%. Power supply su spina con plug intercambiabili. Lampadina inclusa di tipo: 1 LED 2700K 1100lm CRI90 13W Dimmer. Ha certificazione CE.<\/p>\n<\/div>\n<\/div>\n<ul class=\"specifiche\">\n<li>\n<h3>Specifiche<\/h3>\n<p>H 63,4 cm \/ L 26,8 cm &#8211; H base: 15,2 cm \/ L base: 7,8 cm<\/li>\n<li>\n<h3>Materiali<\/h3>\n<p>Alluminio &#8211; Materiale plastico<\/li>\n<\/ul>\n","protected":false},"excerpt":{"rendered":"<p>Lampada Serena Illuminare con stile, grazie alla lampada da tavolo Serena del prestigioso brand italiano Flos. Sempre all&#8217;avanguardia nell&#8217;arredamento funzionale ma senza rinunciare a uno stile estetico di prim&#8217;ordine. La lampada da tavolo Serena \u00e8 un ulteriore esempio di questo perfetto connubio fra utilit\u00e0 e piacere. Maneggevole, dal design leggero ed elegante, Serena \u00e8 fonte [&hellip;]<\/p>\n","protected":false},"featured_media":13711,"template":"","meta":[],"product_brand":[],"product_cat":[1692,1743,1679,1678],"product_tag":[],"class_list":{"0":"post-14668","1":"product","2":"type-product","3":"status-publish","4":"has-post-thumbnail","6":"product_cat-complements","7":"product_cat-flos-en","8":"product_cat-lamps","9":"product_cat-table-lamp","10":"pa_colore-alluminio-en","11":"pa_colore-black","12":"pa_colore-rr-rame-en","14":"first","15":"outofstock","16":"shipping-taxable","17":"purchasable","18":"product-type-simple","19":"add-to-wishlist-after_add_to_cart"},"yoast_head":"<!-- This site is optimized with the Yoast SEO plugin v27.4 - https:\/\/yoast.com\/product\/yoast-seo-wordpress\/ -->\n<title>SERENA LAMP FLOS URQUIOLA &#8212; Casarredo.it<\/title>\n<meta name=\"robots\" content=\"index, follow, max-snippet:-1, max-image-preview:large, max-video-preview:-1\" \/>\n<link rel=\"canonical\" href=\"https:\/\/www.casarredo.it\/en\/prodotto\/serena-lamp-flos-urquiola\/\" \/>\n<meta property=\"og:locale\" content=\"en_US\" \/>\n<meta property=\"og:type\" content=\"article\" \/>\n<meta property=\"og:title\" content=\"SERENA LAMP FLOS URQUIOLA &#8212; Casarredo.it\" \/>\n<meta property=\"og:description\" content=\"Lampada Serena Illuminare con stile, grazie alla lampada da tavolo Serena del prestigioso brand italiano Flos. Sempre all&#8217;avanguardia nell&#8217;arredamento funzionale ma senza rinunciare a uno stile estetico di prim&#8217;ordine. La lampada da tavolo Serena \u00e8 un ulteriore esempio di questo perfetto connubio fra utilit\u00e0 e piacere. Maneggevole, dal design leggero ed elegante, Serena \u00e8 fonte [&hellip;]\" \/>\n<meta property=\"og:url\" content=\"https:\/\/www.casarredo.it\/en\/prodotto\/serena-lamp-flos-urquiola\/\" \/>\n<meta property=\"og:site_name\" content=\"Casarredo.it\" \/>\n<meta property=\"article:publisher\" content=\"https:\/\/www.facebook.com\/Casarredo-632870513490892\" \/>\n<meta property=\"article:modified_time\" content=\"2025-11-18T16:33:46+00:00\" \/>\n<meta property=\"og:image\" content=\"https:\/\/www.casarredo.it\/wp-content\/uploads\/2016\/12\/serena-rame.jpg\" \/>\n\t<meta property=\"og:image:width\" content=\"600\" \/>\n\t<meta property=\"og:image:height\" content=\"600\" \/>\n\t<meta property=\"og:image:type\" content=\"image\/jpeg\" \/>\n<meta name=\"twitter:card\" content=\"summary_large_image\" \/>\n<meta name=\"twitter:label1\" content=\"Est. reading time\" \/>\n\t<meta name=\"twitter:data1\" content=\"3 minutes\" \/>\n<script type=\"application\/ld+json\" class=\"yoast-schema-graph\">{\"@context\":\"https:\\\/\\\/schema.org\",\"@graph\":[{\"@type\":\"WebPage\",\"@id\":\"https:\\\/\\\/www.casarredo.it\\\/en\\\/prodotto\\\/serena-lamp-flos-urquiola\\\/\",\"url\":\"https:\\\/\\\/www.casarredo.it\\\/en\\\/prodotto\\\/serena-lamp-flos-urquiola\\\/\",\"name\":\"SERENA LAMP FLOS URQUIOLA &#8212; Casarredo.it\",\"isPartOf\":{\"@id\":\"https:\\\/\\\/www.casarredo.it\\\/en\\\/#website\"},\"primaryImageOfPage\":{\"@id\":\"https:\\\/\\\/www.casarredo.it\\\/en\\\/prodotto\\\/serena-lamp-flos-urquiola\\\/#primaryimage\"},\"image\":{\"@id\":\"https:\\\/\\\/www.casarredo.it\\\/en\\\/prodotto\\\/serena-lamp-flos-urquiola\\\/#primaryimage\"},\"thumbnailUrl\":\"https:\\\/\\\/www.casarredo.it\\\/wp-content\\\/uploads\\\/2016\\\/12\\\/serena-rame.jpg\",\"datePublished\":\"2019-04-17T10:37:57+00:00\",\"dateModified\":\"2025-11-18T16:33:46+00:00\",\"breadcrumb\":{\"@id\":\"https:\\\/\\\/www.casarredo.it\\\/en\\\/prodotto\\\/serena-lamp-flos-urquiola\\\/#breadcrumb\"},\"inLanguage\":\"en-US\",\"potentialAction\":[{\"@type\":\"ReadAction\",\"target\":[\"https:\\\/\\\/www.casarredo.it\\\/en\\\/prodotto\\\/serena-lamp-flos-urquiola\\\/\"]}]},{\"@type\":\"ImageObject\",\"inLanguage\":\"en-US\",\"@id\":\"https:\\\/\\\/www.casarredo.it\\\/en\\\/prodotto\\\/serena-lamp-flos-urquiola\\\/#primaryimage\",\"url\":\"https:\\\/\\\/www.casarredo.it\\\/wp-content\\\/uploads\\\/2016\\\/12\\\/serena-rame.jpg\",\"contentUrl\":\"https:\\\/\\\/www.casarredo.it\\\/wp-content\\\/uploads\\\/2016\\\/12\\\/serena-rame.jpg\",\"width\":600,\"height\":600},{\"@type\":\"BreadcrumbList\",\"@id\":\"https:\\\/\\\/www.casarredo.it\\\/en\\\/prodotto\\\/serena-lamp-flos-urquiola\\\/#breadcrumb\",\"itemListElement\":[{\"@type\":\"ListItem\",\"position\":1,\"name\":\"Home\",\"item\":\"https:\\\/\\\/www.casarredo.it\\\/en\\\/\"},{\"@type\":\"ListItem\",\"position\":2,\"name\":\"Shop online\",\"item\":\"https:\\\/\\\/www.casarredo.it\\\/en\\\/shop\\\/\"},{\"@type\":\"ListItem\",\"position\":3,\"name\":\"SERENA LAMP FLOS URQUIOLA\"}]},{\"@type\":\"WebSite\",\"@id\":\"https:\\\/\\\/www.casarredo.it\\\/en\\\/#website\",\"url\":\"https:\\\/\\\/www.casarredo.it\\\/en\\\/\",\"name\":\"Casarredo.it\",\"description\":\"Design da vivere\",\"publisher\":{\"@id\":\"https:\\\/\\\/www.casarredo.it\\\/en\\\/#organization\"},\"potentialAction\":[{\"@type\":\"SearchAction\",\"target\":{\"@type\":\"EntryPoint\",\"urlTemplate\":\"https:\\\/\\\/www.casarredo.it\\\/en\\\/?s={search_term_string}\"},\"query-input\":{\"@type\":\"PropertyValueSpecification\",\"valueRequired\":true,\"valueName\":\"search_term_string\"}}],\"inLanguage\":\"en-US\"},{\"@type\":\"Organization\",\"@id\":\"https:\\\/\\\/www.casarredo.it\\\/en\\\/#organization\",\"name\":\"casarredo srl\",\"url\":\"https:\\\/\\\/www.casarredo.it\\\/en\\\/\",\"logo\":{\"@type\":\"ImageObject\",\"inLanguage\":\"en-US\",\"@id\":\"https:\\\/\\\/www.casarredo.it\\\/en\\\/#\\\/schema\\\/logo\\\/image\\\/\",\"url\":\"https:\\\/\\\/www.casarredo.it\\\/wp-content\\\/uploads\\\/2018\\\/05\\\/vanity-scaled.jpg\",\"contentUrl\":\"https:\\\/\\\/www.casarredo.it\\\/wp-content\\\/uploads\\\/2018\\\/05\\\/vanity-scaled.jpg\",\"width\":2560,\"height\":1848,\"caption\":\"casarredo srl\"},\"image\":{\"@id\":\"https:\\\/\\\/www.casarredo.it\\\/en\\\/#\\\/schema\\\/logo\\\/image\\\/\"},\"sameAs\":[\"https:\\\/\\\/www.facebook.com\\\/Casarredo-632870513490892\",\"https:\\\/\\\/www.instagram.com\\\/casarredo_fano\\\/\"]}]}<\/script>\n<!-- \/ Yoast SEO plugin. -->","yoast_head_json":{"title":"SERENA LAMP FLOS URQUIOLA &#8212; Casarredo.it","robots":{"index":"index","follow":"follow","max-snippet":"max-snippet:-1","max-image-preview":"max-image-preview:large","max-video-preview":"max-video-preview:-1"},"canonical":"https:\/\/www.casarredo.it\/en\/prodotto\/serena-lamp-flos-urquiola\/","og_locale":"en_US","og_type":"article","og_title":"SERENA LAMP FLOS URQUIOLA &#8212; Casarredo.it","og_description":"Lampada Serena Illuminare con stile, grazie alla lampada da tavolo Serena del prestigioso brand italiano Flos. Sempre all&#8217;avanguardia nell&#8217;arredamento funzionale ma senza rinunciare a uno stile estetico di prim&#8217;ordine. La lampada da tavolo Serena \u00e8 un ulteriore esempio di questo perfetto connubio fra utilit\u00e0 e piacere. Maneggevole, dal design leggero ed elegante, Serena \u00e8 fonte [&hellip;]","og_url":"https:\/\/www.casarredo.it\/en\/prodotto\/serena-lamp-flos-urquiola\/","og_site_name":"Casarredo.it","article_publisher":"https:\/\/www.facebook.com\/Casarredo-632870513490892","article_modified_time":"2025-11-18T16:33:46+00:00","og_image":[{"width":600,"height":600,"url":"https:\/\/www.casarredo.it\/wp-content\/uploads\/2016\/12\/serena-rame.jpg","type":"image\/jpeg"}],"twitter_card":"summary_large_image","twitter_misc":{"Est. reading time":"3 minutes"},"schema":{"@context":"https:\/\/schema.org","@graph":[{"@type":"WebPage","@id":"https:\/\/www.casarredo.it\/en\/prodotto\/serena-lamp-flos-urquiola\/","url":"https:\/\/www.casarredo.it\/en\/prodotto\/serena-lamp-flos-urquiola\/","name":"SERENA LAMP FLOS URQUIOLA &#8212; Casarredo.it","isPartOf":{"@id":"https:\/\/www.casarredo.it\/en\/#website"},"primaryImageOfPage":{"@id":"https:\/\/www.casarredo.it\/en\/prodotto\/serena-lamp-flos-urquiola\/#primaryimage"},"image":{"@id":"https:\/\/www.casarredo.it\/en\/prodotto\/serena-lamp-flos-urquiola\/#primaryimage"},"thumbnailUrl":"https:\/\/www.casarredo.it\/wp-content\/uploads\/2016\/12\/serena-rame.jpg","datePublished":"2019-04-17T10:37:57+00:00","dateModified":"2025-11-18T16:33:46+00:00","breadcrumb":{"@id":"https:\/\/www.casarredo.it\/en\/prodotto\/serena-lamp-flos-urquiola\/#breadcrumb"},"inLanguage":"en-US","potentialAction":[{"@type":"ReadAction","target":["https:\/\/www.casarredo.it\/en\/prodotto\/serena-lamp-flos-urquiola\/"]}]},{"@type":"ImageObject","inLanguage":"en-US","@id":"https:\/\/www.casarredo.it\/en\/prodotto\/serena-lamp-flos-urquiola\/#primaryimage","url":"https:\/\/www.casarredo.it\/wp-content\/uploads\/2016\/12\/serena-rame.jpg","contentUrl":"https:\/\/www.casarredo.it\/wp-content\/uploads\/2016\/12\/serena-rame.jpg","width":600,"height":600},{"@type":"BreadcrumbList","@id":"https:\/\/www.casarredo.it\/en\/prodotto\/serena-lamp-flos-urquiola\/#breadcrumb","itemListElement":[{"@type":"ListItem","position":1,"name":"Home","item":"https:\/\/www.casarredo.it\/en\/"},{"@type":"ListItem","position":2,"name":"Shop online","item":"https:\/\/www.casarredo.it\/en\/shop\/"},{"@type":"ListItem","position":3,"name":"SERENA LAMP FLOS URQUIOLA"}]},{"@type":"WebSite","@id":"https:\/\/www.casarredo.it\/en\/#website","url":"https:\/\/www.casarredo.it\/en\/","name":"Casarredo.it","description":"Design da vivere","publisher":{"@id":"https:\/\/www.casarredo.it\/en\/#organization"},"potentialAction":[{"@type":"SearchAction","target":{"@type":"EntryPoint","urlTemplate":"https:\/\/www.casarredo.it\/en\/?s={search_term_string}"},"query-input":{"@type":"PropertyValueSpecification","valueRequired":true,"valueName":"search_term_string"}}],"inLanguage":"en-US"},{"@type":"Organization","@id":"https:\/\/www.casarredo.it\/en\/#organization","name":"casarredo srl","url":"https:\/\/www.casarredo.it\/en\/","logo":{"@type":"ImageObject","inLanguage":"en-US","@id":"https:\/\/www.casarredo.it\/en\/#\/schema\/logo\/image\/","url":"https:\/\/www.casarredo.it\/wp-content\/uploads\/2018\/05\/vanity-scaled.jpg","contentUrl":"https:\/\/www.casarredo.it\/wp-content\/uploads\/2018\/05\/vanity-scaled.jpg","width":2560,"height":1848,"caption":"casarredo srl"},"image":{"@id":"https:\/\/www.casarredo.it\/en\/#\/schema\/logo\/image\/"},"sameAs":["https:\/\/www.facebook.com\/Casarredo-632870513490892","https:\/\/www.instagram.com\/casarredo_fano\/"]}]}},"_links":{"self":[{"href":"https:\/\/www.casarredo.it\/en\/wp-json\/wp\/v2\/product\/14668","targetHints":{"allow":["GET"]}}],"collection":[{"href":"https:\/\/www.casarredo.it\/en\/wp-json\/wp\/v2\/product"}],"about":[{"href":"https:\/\/www.casarredo.it\/en\/wp-json\/wp\/v2\/types\/product"}],"wp:featuredmedia":[{"embeddable":true,"href":"https:\/\/www.casarredo.it\/en\/wp-json\/wp\/v2\/media\/13711"}],"wp:attachment":[{"href":"https:\/\/www.casarredo.it\/en\/wp-json\/wp\/v2\/media?parent=14668"}],"wp:term":[{"taxonomy":"product_brand","embeddable":true,"href":"https:\/\/www.casarredo.it\/en\/wp-json\/wp\/v2\/product_brand?post=14668"},{"taxonomy":"product_cat","embeddable":true,"href":"https:\/\/www.casarredo.it\/en\/wp-json\/wp\/v2\/product_cat?post=14668"},{"taxonomy":"product_tag","embeddable":true,"href":"https:\/\/www.casarredo.it\/en\/wp-json\/wp\/v2\/product_tag?post=14668"}],"curies":[{"name":"wp","href":"https:\/\/api.w.org\/{rel}","templated":true}]}}