{"id":14665,"date":"2016-12-16T09:01:18","date_gmt":"2016-12-16T08:01:18","guid":{"rendered":"https:\/\/www.casarredo.it\/?post_type=product&#038;p=14665\/"},"modified":"2022-06-25T09:28:40","modified_gmt":"2022-06-25T07:28:40","slug":"calamo-desk-zanotta","status":"publish","type":"product","link":"https:\/\/www.casarredo.it\/en\/prodotto\/calamo-desk-zanotta\/","title":{"rendered":"CALAMO DESK ZANOTTA"},"content":{"rendered":"<pre id=\"tw-target-text\" class=\"tw-data-text tw-ta tw-text-small\" data-placeholder=\"Traduzione\" data-fulltext=\"\"><span id=\"result_box\" class=\"\" lang=\"it\"><span title=\"Calamus Zanotta \u00e8 una scrivania contemporaneo progettato nel 2013 dal designer romano Gabriele Rosa e ispirata alla collezione del partito di pi\u00f9 e Zanotta. \"><span id=\"result_box\" class=\"short_text\" lang=\"en\">Calamo <span class=\"\">desk<\/span> black frame dark brown leather <span class=\"\">806\r\n\r\n<\/span><\/span>Calamus Zanotta e Una Scrivania contemporaneo progettato nel 2013 dal progettista romano Gabriele Rosa e ispirata alla collezione del Partito Di Pi\u00f9 e Zanotta.\r\n<\/span><span title=\"Calamus offre una straordinaria armonia tra modernit\u00e0 e tradizione, adattandosi facilmente ad ambienti contemporanei per i quali \u00e8 stato progettato. \">Calamus Offre Una straordinaria armonia Tra modernit\u00e0 e tradizione, adattandosi Facilmente ad ambienti contemporanei per i qualificata e Stato progettato.\r\n\r\n<\/span><span title=\"La scrivania Calamus Zanotta \u00e8 realizzato con struttura e piano in acciaio verniciato, il pavimento \u00e8 rivestito in morbida pelle e disponibile in tutti i colori della pelle cartella di 90 Zanotta.\">La Scrivania Calamus Zanotta E Realizzato con Struttura e piano in acciaio verniciato, il pavimento E rivestito in morbida pelle is available in tutti i colori della pelle cartella di 90 Zanotta. <\/span><span title=\"Sotto la parte superiore troviamo un vano di pelle accessibile tramite porta discesa.\">Sotto la parte superiore Troviamo un vano di pelle accessibile tramite porta Discesa. <\/span><span title=\"Calamus consente di creare un angolo ufficio, funzionale ed elegante, in qualsiasi ambiente: il salotto o ingresso. \">Calamus consente di Creare un angolo ufficio, funzionale ed elegante, in Qualsiasi ambiente: Il Salotto o ingresso.\r\n\r\n<\/span><span title=\"\">\"Nell'era della Comunicazione globale, con il web e social network, la scrittura SEMBRA Essere Ancora Pi\u00f9 comune Che nel Passato. Ma la scrittura Si e evoluta, e la Scrivania, Oltre ad Essere Un luogo Utile per Scrivere e Lavorare, continua a <\/span><span title=\"essere un oggetto di fascino. l'oggetto \u00e8 stato trasformato con riferimento al moderno concetto di casa-ufficio, qualcosa di pi\u00f9 leggero, pi\u00f9 agile e versatile. \">Essere un Oggetto di fascino. L'Oggetto e Stato trasformato con Riferimento al moderno Concetto di casa-ufficio, Qualcosa di Pi\u00f9 leggero, Pi\u00f9 agile e versatile.\r\n\r\n<\/span><span title=\"Una piccola dimensione, una struttura leggera con un desktop molto sottile.\">Una piccola Dimensione, Una Struttura leggera con un tavolo Molto sottile. <\/span><span title=\"\u00c8 dotato di un ripostiglio, un elemento distintivo del progetto, interamente realizzata in pelle di mucca.\">E dotato di un ripostiglio, un Elemento distintivo del Progetto, interamente Realizzata in pelle di mucca. <\/span><span title=\"Questa tasca potrebbe essere utilizzato per contenere un tablet moderno, chiavi e monete, o anche una penna stilografica e un diario, per gli utenti pi\u00f9 nostalgici \">This tasca potrebbe Essere utilizzato per contenere un tablet moderno, Chiavi e monete, o also Una penna stilografica e un diario, per Gli Utenti Pi\u00f9 nostalgici \"- Gabriele Rosa<\/span><\/span><\/pre>\n","protected":false},"excerpt":{"rendered":"<p>Calamo desk black frame dark brown leather 806 Calamus Zanotta e Una Scrivania contemporaneo progettato nel 2013 dal progettista romano Gabriele Rosa e ispirata alla collezione del Partito Di Pi\u00f9 e Zanotta. Calamus Offre Una straordinaria armonia Tra modernit\u00e0 e tradizione, adattandosi Facilmente ad ambienti contemporanei per i qualificata e Stato progettato. La Scrivania Calamus [&hellip;]<\/p>\n","protected":false},"featured_media":13722,"template":"","meta":[],"product_brand":[],"product_cat":[1692,1791,1855,1789,1661,1772],"product_tag":[1926,1809],"class_list":{"0":"post-14665","1":"product","2":"type-product","3":"status-publish","4":"has-post-thumbnail","6":"product_cat-complements","7":"product_cat-desk","8":"product_cat-living-room-furniture","9":"product_cat-office-furniture","10":"product_cat-tavoli-en","11":"product_cat-zanotta-en","12":"product_tag-consolle-en","13":"product_tag-writing-table","15":"first","16":"instock","17":"sale","18":"sold-individually","19":"shipping-taxable","20":"purchasable","21":"product-type-variable","22":"add-to-wishlist-after_add_to_cart"},"yoast_head":"<!-- This site is optimized with the Yoast SEO plugin v27.4 - https:\/\/yoast.com\/product\/yoast-seo-wordpress\/ -->\n<title>CALAMO DESK ZANOTTA &#8212; Casarredo.it<\/title>\n<meta name=\"robots\" content=\"index, follow, max-snippet:-1, max-image-preview:large, max-video-preview:-1\" \/>\n<link rel=\"canonical\" href=\"https:\/\/www.casarredo.it\/en\/prodotto\/calamo-desk-zanotta\/\" \/>\n<meta property=\"og:locale\" content=\"en_US\" \/>\n<meta property=\"og:type\" content=\"article\" \/>\n<meta property=\"og:title\" content=\"CALAMO DESK ZANOTTA &#8212; Casarredo.it\" \/>\n<meta property=\"og:description\" content=\"Calamo desk black frame dark brown leather 806 Calamus Zanotta e Una Scrivania contemporaneo progettato nel 2013 dal progettista romano Gabriele Rosa e ispirata alla collezione del Partito Di Pi\u00f9 e Zanotta. Calamus Offre Una straordinaria armonia Tra modernit\u00e0 e tradizione, adattandosi Facilmente ad ambienti contemporanei per i qualificata e Stato progettato. La Scrivania Calamus [&hellip;]\" \/>\n<meta property=\"og:url\" content=\"https:\/\/www.casarredo.it\/en\/prodotto\/calamo-desk-zanotta\/\" \/>\n<meta property=\"og:site_name\" content=\"Casarredo.it\" \/>\n<meta property=\"article:publisher\" content=\"https:\/\/www.facebook.com\/Casarredo-632870513490892\" \/>\n<meta property=\"article:modified_time\" content=\"2022-06-25T07:28:40+00:00\" \/>\n<meta property=\"og:image\" content=\"https:\/\/www.casarredo.it\/wp-content\/uploads\/2016\/12\/calamo.jpg\" \/>\n\t<meta property=\"og:image:width\" content=\"300\" \/>\n\t<meta property=\"og:image:height\" content=\"300\" \/>\n\t<meta property=\"og:image:type\" content=\"image\/jpeg\" \/>\n<meta name=\"twitter:card\" content=\"summary_large_image\" \/>\n<meta name=\"twitter:label1\" content=\"Est. reading time\" \/>\n\t<meta name=\"twitter:data1\" content=\"1 minute\" \/>\n<script type=\"application\/ld+json\" class=\"yoast-schema-graph\">{\"@context\":\"https:\\\/\\\/schema.org\",\"@graph\":[{\"@type\":\"WebPage\",\"@id\":\"https:\\\/\\\/www.casarredo.it\\\/en\\\/prodotto\\\/calamo-desk-zanotta\\\/\",\"url\":\"https:\\\/\\\/www.casarredo.it\\\/en\\\/prodotto\\\/calamo-desk-zanotta\\\/\",\"name\":\"CALAMO DESK ZANOTTA &#8212; Casarredo.it\",\"isPartOf\":{\"@id\":\"https:\\\/\\\/www.casarredo.it\\\/en\\\/#website\"},\"primaryImageOfPage\":{\"@id\":\"https:\\\/\\\/www.casarredo.it\\\/en\\\/prodotto\\\/calamo-desk-zanotta\\\/#primaryimage\"},\"image\":{\"@id\":\"https:\\\/\\\/www.casarredo.it\\\/en\\\/prodotto\\\/calamo-desk-zanotta\\\/#primaryimage\"},\"thumbnailUrl\":\"https:\\\/\\\/www.casarredo.it\\\/wp-content\\\/uploads\\\/2016\\\/12\\\/calamo.jpg\",\"datePublished\":\"2016-12-16T08:01:18+00:00\",\"dateModified\":\"2022-06-25T07:28:40+00:00\",\"breadcrumb\":{\"@id\":\"https:\\\/\\\/www.casarredo.it\\\/en\\\/prodotto\\\/calamo-desk-zanotta\\\/#breadcrumb\"},\"inLanguage\":\"en-US\",\"potentialAction\":[{\"@type\":\"ReadAction\",\"target\":[\"https:\\\/\\\/www.casarredo.it\\\/en\\\/prodotto\\\/calamo-desk-zanotta\\\/\"]}]},{\"@type\":\"ImageObject\",\"inLanguage\":\"en-US\",\"@id\":\"https:\\\/\\\/www.casarredo.it\\\/en\\\/prodotto\\\/calamo-desk-zanotta\\\/#primaryimage\",\"url\":\"https:\\\/\\\/www.casarredo.it\\\/wp-content\\\/uploads\\\/2016\\\/12\\\/calamo.jpg\",\"contentUrl\":\"https:\\\/\\\/www.casarredo.it\\\/wp-content\\\/uploads\\\/2016\\\/12\\\/calamo.jpg\",\"width\":300,\"height\":300},{\"@type\":\"BreadcrumbList\",\"@id\":\"https:\\\/\\\/www.casarredo.it\\\/en\\\/prodotto\\\/calamo-desk-zanotta\\\/#breadcrumb\",\"itemListElement\":[{\"@type\":\"ListItem\",\"position\":1,\"name\":\"Home\",\"item\":\"https:\\\/\\\/www.casarredo.it\\\/en\\\/\"},{\"@type\":\"ListItem\",\"position\":2,\"name\":\"Shop online\",\"item\":\"https:\\\/\\\/www.casarredo.it\\\/en\\\/shop\\\/\"},{\"@type\":\"ListItem\",\"position\":3,\"name\":\"CALAMO DESK ZANOTTA\"}]},{\"@type\":\"WebSite\",\"@id\":\"https:\\\/\\\/www.casarredo.it\\\/en\\\/#website\",\"url\":\"https:\\\/\\\/www.casarredo.it\\\/en\\\/\",\"name\":\"Casarredo.it\",\"description\":\"Design da vivere\",\"publisher\":{\"@id\":\"https:\\\/\\\/www.casarredo.it\\\/en\\\/#organization\"},\"potentialAction\":[{\"@type\":\"SearchAction\",\"target\":{\"@type\":\"EntryPoint\",\"urlTemplate\":\"https:\\\/\\\/www.casarredo.it\\\/en\\\/?s={search_term_string}\"},\"query-input\":{\"@type\":\"PropertyValueSpecification\",\"valueRequired\":true,\"valueName\":\"search_term_string\"}}],\"inLanguage\":\"en-US\"},{\"@type\":\"Organization\",\"@id\":\"https:\\\/\\\/www.casarredo.it\\\/en\\\/#organization\",\"name\":\"casarredo srl\",\"url\":\"https:\\\/\\\/www.casarredo.it\\\/en\\\/\",\"logo\":{\"@type\":\"ImageObject\",\"inLanguage\":\"en-US\",\"@id\":\"https:\\\/\\\/www.casarredo.it\\\/en\\\/#\\\/schema\\\/logo\\\/image\\\/\",\"url\":\"https:\\\/\\\/www.casarredo.it\\\/wp-content\\\/uploads\\\/2018\\\/05\\\/vanity-scaled.jpg\",\"contentUrl\":\"https:\\\/\\\/www.casarredo.it\\\/wp-content\\\/uploads\\\/2018\\\/05\\\/vanity-scaled.jpg\",\"width\":2560,\"height\":1848,\"caption\":\"casarredo srl\"},\"image\":{\"@id\":\"https:\\\/\\\/www.casarredo.it\\\/en\\\/#\\\/schema\\\/logo\\\/image\\\/\"},\"sameAs\":[\"https:\\\/\\\/www.facebook.com\\\/Casarredo-632870513490892\",\"https:\\\/\\\/www.instagram.com\\\/casarredo_fano\\\/\"]}]}<\/script>\n<!-- \/ Yoast SEO plugin. -->","yoast_head_json":{"title":"CALAMO DESK ZANOTTA &#8212; Casarredo.it","robots":{"index":"index","follow":"follow","max-snippet":"max-snippet:-1","max-image-preview":"max-image-preview:large","max-video-preview":"max-video-preview:-1"},"canonical":"https:\/\/www.casarredo.it\/en\/prodotto\/calamo-desk-zanotta\/","og_locale":"en_US","og_type":"article","og_title":"CALAMO DESK ZANOTTA &#8212; Casarredo.it","og_description":"Calamo desk black frame dark brown leather 806 Calamus Zanotta e Una Scrivania contemporaneo progettato nel 2013 dal progettista romano Gabriele Rosa e ispirata alla collezione del Partito Di Pi\u00f9 e Zanotta. Calamus Offre Una straordinaria armonia Tra modernit\u00e0 e tradizione, adattandosi Facilmente ad ambienti contemporanei per i qualificata e Stato progettato. La Scrivania Calamus [&hellip;]","og_url":"https:\/\/www.casarredo.it\/en\/prodotto\/calamo-desk-zanotta\/","og_site_name":"Casarredo.it","article_publisher":"https:\/\/www.facebook.com\/Casarredo-632870513490892","article_modified_time":"2022-06-25T07:28:40+00:00","og_image":[{"width":300,"height":300,"url":"https:\/\/www.casarredo.it\/wp-content\/uploads\/2016\/12\/calamo.jpg","type":"image\/jpeg"}],"twitter_card":"summary_large_image","twitter_misc":{"Est. reading time":"1 minute"},"schema":{"@context":"https:\/\/schema.org","@graph":[{"@type":"WebPage","@id":"https:\/\/www.casarredo.it\/en\/prodotto\/calamo-desk-zanotta\/","url":"https:\/\/www.casarredo.it\/en\/prodotto\/calamo-desk-zanotta\/","name":"CALAMO DESK ZANOTTA &#8212; Casarredo.it","isPartOf":{"@id":"https:\/\/www.casarredo.it\/en\/#website"},"primaryImageOfPage":{"@id":"https:\/\/www.casarredo.it\/en\/prodotto\/calamo-desk-zanotta\/#primaryimage"},"image":{"@id":"https:\/\/www.casarredo.it\/en\/prodotto\/calamo-desk-zanotta\/#primaryimage"},"thumbnailUrl":"https:\/\/www.casarredo.it\/wp-content\/uploads\/2016\/12\/calamo.jpg","datePublished":"2016-12-16T08:01:18+00:00","dateModified":"2022-06-25T07:28:40+00:00","breadcrumb":{"@id":"https:\/\/www.casarredo.it\/en\/prodotto\/calamo-desk-zanotta\/#breadcrumb"},"inLanguage":"en-US","potentialAction":[{"@type":"ReadAction","target":["https:\/\/www.casarredo.it\/en\/prodotto\/calamo-desk-zanotta\/"]}]},{"@type":"ImageObject","inLanguage":"en-US","@id":"https:\/\/www.casarredo.it\/en\/prodotto\/calamo-desk-zanotta\/#primaryimage","url":"https:\/\/www.casarredo.it\/wp-content\/uploads\/2016\/12\/calamo.jpg","contentUrl":"https:\/\/www.casarredo.it\/wp-content\/uploads\/2016\/12\/calamo.jpg","width":300,"height":300},{"@type":"BreadcrumbList","@id":"https:\/\/www.casarredo.it\/en\/prodotto\/calamo-desk-zanotta\/#breadcrumb","itemListElement":[{"@type":"ListItem","position":1,"name":"Home","item":"https:\/\/www.casarredo.it\/en\/"},{"@type":"ListItem","position":2,"name":"Shop online","item":"https:\/\/www.casarredo.it\/en\/shop\/"},{"@type":"ListItem","position":3,"name":"CALAMO DESK ZANOTTA"}]},{"@type":"WebSite","@id":"https:\/\/www.casarredo.it\/en\/#website","url":"https:\/\/www.casarredo.it\/en\/","name":"Casarredo.it","description":"Design da vivere","publisher":{"@id":"https:\/\/www.casarredo.it\/en\/#organization"},"potentialAction":[{"@type":"SearchAction","target":{"@type":"EntryPoint","urlTemplate":"https:\/\/www.casarredo.it\/en\/?s={search_term_string}"},"query-input":{"@type":"PropertyValueSpecification","valueRequired":true,"valueName":"search_term_string"}}],"inLanguage":"en-US"},{"@type":"Organization","@id":"https:\/\/www.casarredo.it\/en\/#organization","name":"casarredo srl","url":"https:\/\/www.casarredo.it\/en\/","logo":{"@type":"ImageObject","inLanguage":"en-US","@id":"https:\/\/www.casarredo.it\/en\/#\/schema\/logo\/image\/","url":"https:\/\/www.casarredo.it\/wp-content\/uploads\/2018\/05\/vanity-scaled.jpg","contentUrl":"https:\/\/www.casarredo.it\/wp-content\/uploads\/2018\/05\/vanity-scaled.jpg","width":2560,"height":1848,"caption":"casarredo srl"},"image":{"@id":"https:\/\/www.casarredo.it\/en\/#\/schema\/logo\/image\/"},"sameAs":["https:\/\/www.facebook.com\/Casarredo-632870513490892","https:\/\/www.instagram.com\/casarredo_fano\/"]}]}},"_links":{"self":[{"href":"https:\/\/www.casarredo.it\/en\/wp-json\/wp\/v2\/product\/14665","targetHints":{"allow":["GET"]}}],"collection":[{"href":"https:\/\/www.casarredo.it\/en\/wp-json\/wp\/v2\/product"}],"about":[{"href":"https:\/\/www.casarredo.it\/en\/wp-json\/wp\/v2\/types\/product"}],"wp:featuredmedia":[{"embeddable":true,"href":"https:\/\/www.casarredo.it\/en\/wp-json\/wp\/v2\/media\/13722"}],"wp:attachment":[{"href":"https:\/\/www.casarredo.it\/en\/wp-json\/wp\/v2\/media?parent=14665"}],"wp:term":[{"taxonomy":"product_brand","embeddable":true,"href":"https:\/\/www.casarredo.it\/en\/wp-json\/wp\/v2\/product_brand?post=14665"},{"taxonomy":"product_cat","embeddable":true,"href":"https:\/\/www.casarredo.it\/en\/wp-json\/wp\/v2\/product_cat?post=14665"},{"taxonomy":"product_tag","embeddable":true,"href":"https:\/\/www.casarredo.it\/en\/wp-json\/wp\/v2\/product_tag?post=14665"}],"curies":[{"name":"wp","href":"https:\/\/api.w.org\/{rel}","templated":true}]}}