{"id":14576,"date":"2017-03-02T16:05:52","date_gmt":"2017-03-02T15:05:52","guid":{"rendered":"https:\/\/www.casarredo.it\/prodotto\/massimosistema-3-seats-sofa-armrests\/"},"modified":"2020-02-17T18:49:30","modified_gmt":"2020-02-17T17:49:30","slug":"massimosistema-sofa-3-places-bracelet-low-leather-04-milk-whit","status":"publish","type":"product","link":"https:\/\/www.casarredo.it\/en\/prodotto\/massimosistema-sofa-3-places-bracelet-low-leather-04-milk-whit\/","title":{"rendered":"Massimosistema SOFA 3 PLACES BRACELET LOW LEATHER 04 \/ MILK WHIT"},"content":{"rendered":"<div id=\"gt-res-content\">\n<div id=\"gt-res-dir-ctr\" class=\"trans-verified-button-small\" dir=\"ltr\">\n<p><span id=\"result_box\" class=\"\" lang=\"en\"><span title=\"Poltrona Frau Massimosistema: Il divano nella sua moderna evoluzione.\">Poltrona Frau Massimosistema: The sofa in its modern evolution. <\/span><span title=\"Sedute con o senza braccioli, chaise-longue, elementi a penisola e pouf.\">With or without armrests, chaise-longue, peninsula elements and a pouf. <\/span><span title=\"I cuscini degli schienali, interamente rivestiti in Pelle Frau\u00ae, con microforotura sul retro, sono posizionabili secondo le preferenze individuali.\">The backrest cushions, entirely upholstered in Pelle Frau \u00ae with micro on the back, can be positioned according to individual preferences. <\/span><span title=\"Le cuciture a trapunta che segnano le sedute, proseguono lungo le superfici di schienali e braccioli.\">The quilted stitching marking the seats continues along the surfaces of the backrests and armrests. <\/span><span title=\"La struttura della base \u00e8 in faggio e pioppo.\">The basic structure is made of beech and poplar. <\/span><span title=\"La struttura di schienali e braccioli \u00e8 in multistrato di betulla e massello di pioppo.\">The structure of the backrests and armrests are made of birch plywood and solid poplar. <\/span><span title=\"L\u2019imbottitura degli schienali e dei braccioli \u00e8 in poliuretano espanso e ovatta poliestere.\">The padding in the backrests and armrests is in polyurethane foam and polyester wadding. <\/span><span title=\"I cuscini sedile sono in piuma d\u2019oca e fiocco poliestere con inserto in poliuretano espanso, mentre i cuscini schienale sono in piuma d\u2019oca. \">The seat cushions are in goose down and polyester flakes with insert in polyurethane foam, while the backrest cushions are goose down.<\/span><\/span><\/p>\n<p><span title=\"Pelle Frau\u00ae SC - Color System Frau\u00ae Pelle Frau\u00ae significa anche colore, come le tonalit\u00e0 progettate del Color System: una gamma coordinata di 90 differenti nuance, caratterizzata dalla facilit\u00e0 di accostamento per permettere, a chi predilige il vocabolario artificiale del colore, di\">Pelle Frau \u00ae SC &#8211; Color System Pelle Frau \u00ae Frau\u00ae also means color, such as shades designed the Color System: a coordinated range of 90 different shades, characterized by the ease of approach to allow, to those who prefer the color artificial vocabulary of <\/span><span title=\"creare abbinamenti armonici delle tinte sia fra arredi diversi che all'interno dello stesso oggetto.\">create harmonious combinations of colors and between different furnishings that within the same object. <\/span><span title=\"Una particolare ricerca tecnica e la notevole esperienza di Poltrona Frau hanno permesso un ideale equilibrio tra il materiale naturale e il trattamento della superficie in fase di rifinizione.\">A special technique research and considerable experience of Poltrona Frau has allowed an ideal balance between the natural material and the surface treatment in the finishing process. <\/span><span title=\"Interessante sotto il profilo organolettico, per le caratteristiche di resistenza e per l\u2019eccellente rispondenza nelle fasi d\u2019uso e di manutenzione, la Pelle Frau\u00ae del Color System con il tempo acquista in eleganza. \">Interesting from an organoleptic, for the characteristics of resistance and excellent responsiveness in the operating and maintenance phases, the Frau \u00ae leather from the Color System with time buys in elegance.<\/span><\/p>\n<p><span title=\"Pelle Frau\u00ae Heritage I colori caldi e profondi delle tonalit\u00e0 presenti in natura, sono alla base della collezione Pelle Frau\u00ae Heritage, che grazie al trattamento misurato e naturale a cui \u00e8 sottoposta, risulta gradevole, morbida e corposa.\">Pelle Frau \u00ae Heritage The warm colors and deep shades found in nature, are the basis of the collection Pelle Frau \u00ae Heritage, which thanks to the measured and natural treatment to which it is subjected, is pleasant, soft and full-bodied. <\/span><span title=\"Una pelle delicata che riesce a dare piacevoli emozioni ai cultori della natura, a chi sa apprezzare i pregi delle imperfezioni della grana e la dignit\u00e0 con cui riesce ad invecchiare.\">A delicate skin that can give pleasant emotions to the lovers of nature, who know how to appreciate the merits of grain imperfections and the dignity with which it manages to age. <\/span><span title=\"Diventa Pelle Frau\u00ae Heritage soltanto una selezione di pelli bovine grezze considerate integre.\">Pelle Frau \u00ae Heritage becomes only a selection of raw cowhide considered intact. <\/span><span title=\"Scegliere di lasciarsi avvolgere dal piacere di questo materiale vuol dire accettare variazioni cromatiche nel tempo e considerare, in particolari condizioni d\u2019uso, un eventuale rilascio di colore.\">Choose to be immersed in the pleasure of this material is to accept changes in color over time and consider, in particular conditions of use, any color release. <\/span><span title=\"Per le sue caratteristiche, la Pelle Frau\u00ae Heritage non pu\u00f2 essere esposta a luce diretta o a fonti di calore e eventuali macchie accidentali sono difficilmente rimovibili. \">Due to its characteristics, the Pelle Frau \u00ae Heritage can not be exposed to direct sunlight or heat sources, and accidental stains are difficult to remove.<\/span><\/p>\n<p><span title=\"Pelle Frau\u00ae Soul, il brivido del contatto.\">Pelle Frau \u00ae Soul, the contact chill. <\/span><span title=\"L\u2019essenza stessa della materia.\">The very essence of matter. <\/span><span title=\"Calore, morbidezza, odore della pelle naturale in un\u2019esperienza sensoriale senza tempo.\">Warmth, softness, smell of genuine leather in timeless sensorial experience. <\/span><span title=\"Colori caldi e profondi delle tonalit\u00e0 presenti in natura.\">warm and deep colors of the shades found in nature. <\/span><span title=\"Pelle Frau\u00ae Soul \u00e8 una pelle pieno fiore tinta all\u2019anilina che non presenta alcun strato superficiale di rifinizione.\">Pelle Frau \u00ae Soul is a full-grain aniline-dyed leather that has no surface layer of finishing. <\/span><span title=\"Si distingue per la trasparenza e pienezza dei colori che rivelano, date le caratteristiche naturali fotosensibili, la profondit\u00e0 dei toni, il calore, la naturalit\u00e0 e la morbidezza della materia viva.\">Stands for transparency and fullness of colors that reveal, given the natural characteristics of photosensitive, the depth of tone, warmth, naturalness and softness of living matter. <\/span><span title=\"Pregi che, uniti ai difetti naturali della pelle, sono garanzia di unicit\u00e0 e qualit\u00e0.\">Qualities that, combined with the natural defects of the skin, are a guarantee of quality and originality. <\/span><span title=\"Diventa Pelle Frau\u00ae Soul solo una selezione di pregiate pelli bovine grezze di origine europea in cui la presenza di difettosit\u00e0 (cicatrici, bassi di fiore, rughe, punture d\u2019insetti, ecc.) sia limitata.\">Skin becomes Frau\u00ae Soul only a selection of valuable raw bovine hides of European origin in which the presence of defects (scars, low bloom, wrinkles, insect bites, etc.) Is limited. <\/span><span title=\"Solo 10 pelli su 100 lasciano trasparire le proprie caratteristiche naturali e possono diventare Pelle Frau\u00ae Soul.\">Only 10 of 100 skins let through its natural characteristics and can become Pelle Frau \u00ae Soul. <\/span><span title=\"Pi\u00f9 una pelle \u00e8 trasparente pi\u00f9 migliorer\u00e0 nel tempo invecchiando dignitosamente.\">More skin is more transparent will improve over time as we age with dignity. <\/span><span title=\"Perch\u00e9 nessuna pelle \u00e8 uguale ad un\u2019altra e ogni prodotto rivestito con la Pelle Frau\u00ae Soul sar\u00e0 unico.\">Because no skin is the same as another and each product coated with leather Frau\u00ae Soul will be unique. <\/span><span title=\"Per le sue caratteristiche, la Pelle Frau\u00ae Soul non pu\u00f2 essere esposta a luce diretta o a fonti di calore e eventuali macchie accidentali sono difficilmente rimovibili.\">Due to its characteristics, the Pelle Frau \u00ae Soul can not be exposed to direct sunlight or heat sources, and accidental stains are difficult to remove. <\/span><span title=\"Per la pulizia si consiglia di usare soltanto un panno morbido e asciutto.\">For cleaning it is recommended to use only a soft, dry cloth.<\/span><\/p>\n<\/div>\n<\/div>\n","protected":false},"excerpt":{"rendered":"<p>Poltrona Frau Massimosistema: The sofa in its modern evolution. With or without armrests, chaise-longue, peninsula elements and a pouf. The backrest cushions, entirely upholstered in Pelle Frau \u00ae with micro on the back, can be positioned according to individual preferences. The quilted stitching marking the seats continues along the surfaces of the backrests and armrests. [&hellip;]<\/p>\n","protected":false},"featured_media":13924,"template":"","meta":[],"product_brand":[],"product_cat":[1671,1724,1690],"product_tag":[2454,1725,1900],"class_list":{"0":"post-14576","1":"product","2":"type-product","3":"status-publish","4":"has-post-thumbnail","6":"product_cat-living-area","7":"product_cat-poltrona-frau","8":"product_cat-sofas","9":"product_tag-divano-in-pelle-en","10":"product_tag-frau-armchair","11":"product_tag-massimosistema-en","13":"first","14":"onbackorder","15":"sale","16":"shipping-taxable","17":"purchasable","18":"product-type-simple","19":"add-to-wishlist-after_add_to_cart"},"yoast_head":"<!-- This site is optimized with the Yoast SEO plugin v27.4 - https:\/\/yoast.com\/product\/yoast-seo-wordpress\/ -->\n<title>Massimosistema SOFA 3 PLACES BRACELET LOW LEATHER 04 \/ MILK WHIT &#8212; Casarredo.it<\/title>\n<meta name=\"description\" content=\"MASSIMOSISTEMA \u00a03 SEATS SOFA LOW LEATHER ARMRESTS 04\/ WHITE MILK SOFA CM.290X100 H.86 LEATHER SC 04 MILK COLOR\" \/>\n<meta name=\"robots\" content=\"index, follow, max-snippet:-1, max-image-preview:large, max-video-preview:-1\" \/>\n<link rel=\"canonical\" href=\"https:\/\/www.casarredo.it\/en\/prodotto\/massimosistema-sofa-3-places-bracelet-low-leather-04-milk-whit\/\" \/>\n<meta property=\"og:locale\" content=\"en_US\" \/>\n<meta property=\"og:type\" content=\"article\" \/>\n<meta property=\"og:title\" content=\"Massimosistema SOFA 3 PLACES BRACELET LOW LEATHER 04 \/ MILK WHIT &#8212; Casarredo.it\" \/>\n<meta property=\"og:description\" content=\"MASSIMOSISTEMA \u00a03 SEATS SOFA LOW LEATHER ARMRESTS 04\/ WHITE MILK SOFA CM.290X100 H.86 LEATHER SC 04 MILK COLOR\" \/>\n<meta property=\"og:url\" content=\"https:\/\/www.casarredo.it\/en\/prodotto\/massimosistema-sofa-3-places-bracelet-low-leather-04-milk-whit\/\" \/>\n<meta property=\"og:site_name\" content=\"Casarredo.it\" \/>\n<meta property=\"article:publisher\" content=\"https:\/\/www.facebook.com\/Casarredo-632870513490892\" \/>\n<meta property=\"article:modified_time\" content=\"2020-02-17T17:49:30+00:00\" \/>\n<meta property=\"og:image\" content=\"https:\/\/www.casarredo.it\/wp-content\/uploads\/2017\/03\/massimosistema.jpg\" \/>\n\t<meta property=\"og:image:width\" content=\"2048\" \/>\n\t<meta property=\"og:image:height\" content=\"1536\" \/>\n\t<meta property=\"og:image:type\" content=\"image\/jpeg\" \/>\n<meta name=\"twitter:card\" content=\"summary_large_image\" \/>\n<meta name=\"twitter:label1\" content=\"Est. reading time\" \/>\n\t<meta name=\"twitter:data1\" content=\"3 minutes\" \/>\n<script type=\"application\/ld+json\" class=\"yoast-schema-graph\">{\"@context\":\"https:\\\/\\\/schema.org\",\"@graph\":[{\"@type\":\"WebPage\",\"@id\":\"https:\\\/\\\/www.casarredo.it\\\/en\\\/prodotto\\\/massimosistema-sofa-3-places-bracelet-low-leather-04-milk-whit\\\/\",\"url\":\"https:\\\/\\\/www.casarredo.it\\\/en\\\/prodotto\\\/massimosistema-sofa-3-places-bracelet-low-leather-04-milk-whit\\\/\",\"name\":\"Massimosistema SOFA 3 PLACES BRACELET LOW LEATHER 04 \\\/ MILK WHIT &#8212; Casarredo.it\",\"isPartOf\":{\"@id\":\"https:\\\/\\\/www.casarredo.it\\\/en\\\/#website\"},\"primaryImageOfPage\":{\"@id\":\"https:\\\/\\\/www.casarredo.it\\\/en\\\/prodotto\\\/massimosistema-sofa-3-places-bracelet-low-leather-04-milk-whit\\\/#primaryimage\"},\"image\":{\"@id\":\"https:\\\/\\\/www.casarredo.it\\\/en\\\/prodotto\\\/massimosistema-sofa-3-places-bracelet-low-leather-04-milk-whit\\\/#primaryimage\"},\"thumbnailUrl\":\"https:\\\/\\\/www.casarredo.it\\\/wp-content\\\/uploads\\\/2017\\\/03\\\/massimosistema.jpg\",\"datePublished\":\"2017-03-02T15:05:52+00:00\",\"dateModified\":\"2020-02-17T17:49:30+00:00\",\"description\":\"MASSIMOSISTEMA \u00a03 SEATS SOFA LOW LEATHER ARMRESTS 04\\\/ WHITE MILK SOFA CM.290X100 H.86 LEATHER SC 04 MILK COLOR\",\"breadcrumb\":{\"@id\":\"https:\\\/\\\/www.casarredo.it\\\/en\\\/prodotto\\\/massimosistema-sofa-3-places-bracelet-low-leather-04-milk-whit\\\/#breadcrumb\"},\"inLanguage\":\"en-US\",\"potentialAction\":[{\"@type\":\"ReadAction\",\"target\":[\"https:\\\/\\\/www.casarredo.it\\\/en\\\/prodotto\\\/massimosistema-sofa-3-places-bracelet-low-leather-04-milk-whit\\\/\"]}]},{\"@type\":\"ImageObject\",\"inLanguage\":\"en-US\",\"@id\":\"https:\\\/\\\/www.casarredo.it\\\/en\\\/prodotto\\\/massimosistema-sofa-3-places-bracelet-low-leather-04-milk-whit\\\/#primaryimage\",\"url\":\"https:\\\/\\\/www.casarredo.it\\\/wp-content\\\/uploads\\\/2017\\\/03\\\/massimosistema.jpg\",\"contentUrl\":\"https:\\\/\\\/www.casarredo.it\\\/wp-content\\\/uploads\\\/2017\\\/03\\\/massimosistema.jpg\",\"width\":2048,\"height\":1536},{\"@type\":\"BreadcrumbList\",\"@id\":\"https:\\\/\\\/www.casarredo.it\\\/en\\\/prodotto\\\/massimosistema-sofa-3-places-bracelet-low-leather-04-milk-whit\\\/#breadcrumb\",\"itemListElement\":[{\"@type\":\"ListItem\",\"position\":1,\"name\":\"Home\",\"item\":\"https:\\\/\\\/www.casarredo.it\\\/en\\\/\"},{\"@type\":\"ListItem\",\"position\":2,\"name\":\"Shop online\",\"item\":\"https:\\\/\\\/www.casarredo.it\\\/en\\\/shop\\\/\"},{\"@type\":\"ListItem\",\"position\":3,\"name\":\"Massimosistema SOFA 3 PLACES BRACELET LOW LEATHER 04 \\\/ MILK WHIT\"}]},{\"@type\":\"WebSite\",\"@id\":\"https:\\\/\\\/www.casarredo.it\\\/en\\\/#website\",\"url\":\"https:\\\/\\\/www.casarredo.it\\\/en\\\/\",\"name\":\"Casarredo.it\",\"description\":\"Design da vivere\",\"publisher\":{\"@id\":\"https:\\\/\\\/www.casarredo.it\\\/en\\\/#organization\"},\"potentialAction\":[{\"@type\":\"SearchAction\",\"target\":{\"@type\":\"EntryPoint\",\"urlTemplate\":\"https:\\\/\\\/www.casarredo.it\\\/en\\\/?s={search_term_string}\"},\"query-input\":{\"@type\":\"PropertyValueSpecification\",\"valueRequired\":true,\"valueName\":\"search_term_string\"}}],\"inLanguage\":\"en-US\"},{\"@type\":\"Organization\",\"@id\":\"https:\\\/\\\/www.casarredo.it\\\/en\\\/#organization\",\"name\":\"casarredo srl\",\"url\":\"https:\\\/\\\/www.casarredo.it\\\/en\\\/\",\"logo\":{\"@type\":\"ImageObject\",\"inLanguage\":\"en-US\",\"@id\":\"https:\\\/\\\/www.casarredo.it\\\/en\\\/#\\\/schema\\\/logo\\\/image\\\/\",\"url\":\"https:\\\/\\\/www.casarredo.it\\\/wp-content\\\/uploads\\\/2018\\\/05\\\/vanity-scaled.jpg\",\"contentUrl\":\"https:\\\/\\\/www.casarredo.it\\\/wp-content\\\/uploads\\\/2018\\\/05\\\/vanity-scaled.jpg\",\"width\":2560,\"height\":1848,\"caption\":\"casarredo srl\"},\"image\":{\"@id\":\"https:\\\/\\\/www.casarredo.it\\\/en\\\/#\\\/schema\\\/logo\\\/image\\\/\"},\"sameAs\":[\"https:\\\/\\\/www.facebook.com\\\/Casarredo-632870513490892\",\"https:\\\/\\\/www.instagram.com\\\/casarredo_fano\\\/\"]}]}<\/script>\n<!-- \/ Yoast SEO plugin. -->","yoast_head_json":{"title":"Massimosistema SOFA 3 PLACES BRACELET LOW LEATHER 04 \/ MILK WHIT &#8212; Casarredo.it","description":"MASSIMOSISTEMA \u00a03 SEATS SOFA LOW LEATHER ARMRESTS 04\/ WHITE MILK SOFA CM.290X100 H.86 LEATHER SC 04 MILK COLOR","robots":{"index":"index","follow":"follow","max-snippet":"max-snippet:-1","max-image-preview":"max-image-preview:large","max-video-preview":"max-video-preview:-1"},"canonical":"https:\/\/www.casarredo.it\/en\/prodotto\/massimosistema-sofa-3-places-bracelet-low-leather-04-milk-whit\/","og_locale":"en_US","og_type":"article","og_title":"Massimosistema SOFA 3 PLACES BRACELET LOW LEATHER 04 \/ MILK WHIT &#8212; Casarredo.it","og_description":"MASSIMOSISTEMA \u00a03 SEATS SOFA LOW LEATHER ARMRESTS 04\/ WHITE MILK SOFA CM.290X100 H.86 LEATHER SC 04 MILK COLOR","og_url":"https:\/\/www.casarredo.it\/en\/prodotto\/massimosistema-sofa-3-places-bracelet-low-leather-04-milk-whit\/","og_site_name":"Casarredo.it","article_publisher":"https:\/\/www.facebook.com\/Casarredo-632870513490892","article_modified_time":"2020-02-17T17:49:30+00:00","og_image":[{"width":2048,"height":1536,"url":"https:\/\/www.casarredo.it\/wp-content\/uploads\/2017\/03\/massimosistema.jpg","type":"image\/jpeg"}],"twitter_card":"summary_large_image","twitter_misc":{"Est. reading time":"3 minutes"},"schema":{"@context":"https:\/\/schema.org","@graph":[{"@type":"WebPage","@id":"https:\/\/www.casarredo.it\/en\/prodotto\/massimosistema-sofa-3-places-bracelet-low-leather-04-milk-whit\/","url":"https:\/\/www.casarredo.it\/en\/prodotto\/massimosistema-sofa-3-places-bracelet-low-leather-04-milk-whit\/","name":"Massimosistema SOFA 3 PLACES BRACELET LOW LEATHER 04 \/ MILK WHIT &#8212; Casarredo.it","isPartOf":{"@id":"https:\/\/www.casarredo.it\/en\/#website"},"primaryImageOfPage":{"@id":"https:\/\/www.casarredo.it\/en\/prodotto\/massimosistema-sofa-3-places-bracelet-low-leather-04-milk-whit\/#primaryimage"},"image":{"@id":"https:\/\/www.casarredo.it\/en\/prodotto\/massimosistema-sofa-3-places-bracelet-low-leather-04-milk-whit\/#primaryimage"},"thumbnailUrl":"https:\/\/www.casarredo.it\/wp-content\/uploads\/2017\/03\/massimosistema.jpg","datePublished":"2017-03-02T15:05:52+00:00","dateModified":"2020-02-17T17:49:30+00:00","description":"MASSIMOSISTEMA \u00a03 SEATS SOFA LOW LEATHER ARMRESTS 04\/ WHITE MILK SOFA CM.290X100 H.86 LEATHER SC 04 MILK COLOR","breadcrumb":{"@id":"https:\/\/www.casarredo.it\/en\/prodotto\/massimosistema-sofa-3-places-bracelet-low-leather-04-milk-whit\/#breadcrumb"},"inLanguage":"en-US","potentialAction":[{"@type":"ReadAction","target":["https:\/\/www.casarredo.it\/en\/prodotto\/massimosistema-sofa-3-places-bracelet-low-leather-04-milk-whit\/"]}]},{"@type":"ImageObject","inLanguage":"en-US","@id":"https:\/\/www.casarredo.it\/en\/prodotto\/massimosistema-sofa-3-places-bracelet-low-leather-04-milk-whit\/#primaryimage","url":"https:\/\/www.casarredo.it\/wp-content\/uploads\/2017\/03\/massimosistema.jpg","contentUrl":"https:\/\/www.casarredo.it\/wp-content\/uploads\/2017\/03\/massimosistema.jpg","width":2048,"height":1536},{"@type":"BreadcrumbList","@id":"https:\/\/www.casarredo.it\/en\/prodotto\/massimosistema-sofa-3-places-bracelet-low-leather-04-milk-whit\/#breadcrumb","itemListElement":[{"@type":"ListItem","position":1,"name":"Home","item":"https:\/\/www.casarredo.it\/en\/"},{"@type":"ListItem","position":2,"name":"Shop online","item":"https:\/\/www.casarredo.it\/en\/shop\/"},{"@type":"ListItem","position":3,"name":"Massimosistema SOFA 3 PLACES BRACELET LOW LEATHER 04 \/ MILK WHIT"}]},{"@type":"WebSite","@id":"https:\/\/www.casarredo.it\/en\/#website","url":"https:\/\/www.casarredo.it\/en\/","name":"Casarredo.it","description":"Design da vivere","publisher":{"@id":"https:\/\/www.casarredo.it\/en\/#organization"},"potentialAction":[{"@type":"SearchAction","target":{"@type":"EntryPoint","urlTemplate":"https:\/\/www.casarredo.it\/en\/?s={search_term_string}"},"query-input":{"@type":"PropertyValueSpecification","valueRequired":true,"valueName":"search_term_string"}}],"inLanguage":"en-US"},{"@type":"Organization","@id":"https:\/\/www.casarredo.it\/en\/#organization","name":"casarredo srl","url":"https:\/\/www.casarredo.it\/en\/","logo":{"@type":"ImageObject","inLanguage":"en-US","@id":"https:\/\/www.casarredo.it\/en\/#\/schema\/logo\/image\/","url":"https:\/\/www.casarredo.it\/wp-content\/uploads\/2018\/05\/vanity-scaled.jpg","contentUrl":"https:\/\/www.casarredo.it\/wp-content\/uploads\/2018\/05\/vanity-scaled.jpg","width":2560,"height":1848,"caption":"casarredo srl"},"image":{"@id":"https:\/\/www.casarredo.it\/en\/#\/schema\/logo\/image\/"},"sameAs":["https:\/\/www.facebook.com\/Casarredo-632870513490892","https:\/\/www.instagram.com\/casarredo_fano\/"]}]}},"_links":{"self":[{"href":"https:\/\/www.casarredo.it\/en\/wp-json\/wp\/v2\/product\/14576","targetHints":{"allow":["GET"]}}],"collection":[{"href":"https:\/\/www.casarredo.it\/en\/wp-json\/wp\/v2\/product"}],"about":[{"href":"https:\/\/www.casarredo.it\/en\/wp-json\/wp\/v2\/types\/product"}],"wp:featuredmedia":[{"embeddable":true,"href":"https:\/\/www.casarredo.it\/en\/wp-json\/wp\/v2\/media\/13924"}],"wp:attachment":[{"href":"https:\/\/www.casarredo.it\/en\/wp-json\/wp\/v2\/media?parent=14576"}],"wp:term":[{"taxonomy":"product_brand","embeddable":true,"href":"https:\/\/www.casarredo.it\/en\/wp-json\/wp\/v2\/product_brand?post=14576"},{"taxonomy":"product_cat","embeddable":true,"href":"https:\/\/www.casarredo.it\/en\/wp-json\/wp\/v2\/product_cat?post=14576"},{"taxonomy":"product_tag","embeddable":true,"href":"https:\/\/www.casarredo.it\/en\/wp-json\/wp\/v2\/product_tag?post=14576"}],"curies":[{"name":"wp","href":"https:\/\/api.w.org\/{rel}","templated":true}]}}